{"id":430,"date":"2025-07-21T23:02:49","date_gmt":"2025-07-21T23:02:49","guid":{"rendered":"https:\/\/ammaespacioholistico.com\/?post_type=product&#038;p=430"},"modified":"2026-05-07T16:40:54","modified_gmt":"2026-05-07T16:40:54","slug":"limpieza-y-armonizacion-de-chakras","status":"publish","type":"product","link":"https:\/\/ammaespacioholistico.com\/index.php\/producto\/limpieza-y-armonizacion-de-chakras\/","title":{"rendered":"Limpieza y Armonizaci\u00f3n Energ\u00e9tica"},"content":{"rendered":"<p>Equilibr\u00e1 tu energia, liber\u00e1 bloqueos y volv\u00e9 a tu centro.<\/p>\n<p>Una experiencia terap\u00e9utica y espiritual que trabaja sobre tu campo energ\u00e9tico a trav\u00e9s de t\u00e9cnicas como Reiki, cristales, orgonitos, esencias florales, aromaterapia, or\u00e1culos, p\u00e9ndulo Karnak y P\u00e9ndulo Hebreo.<\/p>\n<p>Durante la sesi\u00f3n limpiamos y armonizamos tus chakras, liberamos cargas emocionales, sellamos y fortalecemos aura, te guiamos con un mensaje oracular y recomendaciones personalizadas.<\/p>\n<p>Disponible de forma presencial y a distancia, esta sesi\u00f3n te brinda claridad, bienestar y reconexi\u00f3n con tu esencia.<\/p>\n<p>Incluye: Relajaci\u00f3n inicial &#8211; Diagnostico energ\u00e9tico &#8211; Limpieza y Armonizaci\u00f3n de Chakras &#8211; Mensaje del Or\u00e1culo &#8211; Recomendaciones post sesi\u00f3n.<\/p>\n<p>&nbsp;<\/p>\n<p><span style=\"font-weight: 400;\">Se recomienda realizar al menos 1 sesi\u00f3n al mes. Se puede combinar con tratamientos de P\u00e9ndulo Hebreo\u00a0<\/span><\/p>\n<p>&nbsp;<\/p>\n","protected":false},"excerpt":{"rendered":"<p><span style=\"font-weight: 400;\">La limpieza y armonizaci\u00f3n de chakras se realiza con PENDULO KARNAK; este p\u00e9ndulo se utiliza en trabajos de radiestesia como de reiki, tanto de manera presencial como a distancia. Su forma ligeramente redondeada lo hace efectivo como emisor y transmisor de energ\u00eda. Se dice que este p\u00e9ndulo puede limpiar y eliminar energ\u00edas negativas, potenciar remedios florales y crear campos energ\u00e9ticos de vida.\u00a0<\/span><\/p>\n<p><span style=\"font-weight: 400;\">Este tratamiento tiene como funci\u00f3n medir, limpiar y equilibrar cada uno de los 7 principales centros energ\u00e9ticos ubicados a lo largo de la columna vertebral, desde la base hasta la coronilla. <\/span><\/p>\n","protected":false},"featured_media":505,"comment_status":"open","ping_status":"closed","template":"","meta":{"site-sidebar-layout":"default","site-content-layout":"","ast-site-content-layout":"default","site-content-style":"default","site-sidebar-style":"default","ast-global-header-display":"","ast-banner-title-visibility":"","ast-main-header-display":"","ast-hfb-above-header-display":"","ast-hfb-below-header-display":"","ast-hfb-mobile-header-display":"","site-post-title":"","ast-breadcrumbs-content":"","ast-featured-img":"","footer-sml-layout":"","ast-disable-related-posts":"","theme-transparent-header-meta":"default","adv-header-id-meta":"","stick-header-meta":"","header-above-stick-meta":"","header-main-stick-meta":"","header-below-stick-meta":"","astra-migrate-meta-layouts":"set","ast-page-background-enabled":"default","ast-page-background-meta":{"desktop":{"background-color":"var(--ast-global-color-4)","background-image":"","background-repeat":"repeat","background-position":"center center","background-size":"auto","background-attachment":"scroll","background-type":"","background-media":"","overlay-type":"","overlay-color":"","overlay-opacity":"","overlay-gradient":""},"tablet":{"background-color":"","background-image":"","background-repeat":"repeat","background-position":"center center","background-size":"auto","background-attachment":"scroll","background-type":"","background-media":"","overlay-type":"","overlay-color":"","overlay-opacity":"","overlay-gradient":""},"mobile":{"background-color":"","background-image":"","background-repeat":"repeat","background-position":"center center","background-size":"auto","background-attachment":"scroll","background-type":"","background-media":"","overlay-type":"","overlay-color":"","overlay-opacity":"","overlay-gradient":""}},"ast-content-background-meta":{"desktop":{"background-color":"var(--ast-global-color-5)","background-image":"","background-repeat":"repeat","background-position":"center center","background-size":"auto","background-attachment":"scroll","background-type":"","background-media":"","overlay-type":"","overlay-color":"","overlay-opacity":"","overlay-gradient":""},"tablet":{"background-color":"var(--ast-global-color-5)","background-image":"","background-repeat":"repeat","background-position":"center center","background-size":"auto","background-attachment":"scroll","background-type":"","background-media":"","overlay-type":"","overlay-color":"","overlay-opacity":"","overlay-gradient":""},"mobile":{"background-color":"var(--ast-global-color-5)","background-image":"","background-repeat":"repeat","background-position":"center center","background-size":"auto","background-attachment":"scroll","background-type":"","background-media":"","overlay-type":"","overlay-color":"","overlay-opacity":"","overlay-gradient":""}}},"product_brand":[],"product_cat":[22],"product_tag":[],"class_list":{"0":"post-430","1":"product","2":"type-product","3":"status-publish","4":"has-post-thumbnail","6":"product_cat-sesiones-online","7":"desktop-align-left","8":"tablet-align-left","9":"mobile-align-left","11":"first","12":"instock","13":"shipping-taxable","14":"purchasable","15":"product-type-simple"},"_links":{"self":[{"href":"https:\/\/ammaespacioholistico.com\/index.php\/wp-json\/wp\/v2\/product\/430","targetHints":{"allow":["GET"]}}],"collection":[{"href":"https:\/\/ammaespacioholistico.com\/index.php\/wp-json\/wp\/v2\/product"}],"about":[{"href":"https:\/\/ammaespacioholistico.com\/index.php\/wp-json\/wp\/v2\/types\/product"}],"replies":[{"embeddable":true,"href":"https:\/\/ammaespacioholistico.com\/index.php\/wp-json\/wp\/v2\/comments?post=430"}],"wp:featuredmedia":[{"embeddable":true,"href":"https:\/\/ammaespacioholistico.com\/index.php\/wp-json\/wp\/v2\/media\/505"}],"wp:attachment":[{"href":"https:\/\/ammaespacioholistico.com\/index.php\/wp-json\/wp\/v2\/media?parent=430"}],"wp:term":[{"taxonomy":"product_brand","embeddable":true,"href":"https:\/\/ammaespacioholistico.com\/index.php\/wp-json\/wp\/v2\/product_brand?post=430"},{"taxonomy":"product_cat","embeddable":true,"href":"https:\/\/ammaespacioholistico.com\/index.php\/wp-json\/wp\/v2\/product_cat?post=430"},{"taxonomy":"product_tag","embeddable":true,"href":"https:\/\/ammaespacioholistico.com\/index.php\/wp-json\/wp\/v2\/product_tag?post=430"}],"curies":[{"name":"wp","href":"https:\/\/api.w.org\/{rel}","templated":true}]}}