{"id":431,"date":"2025-07-21T23:02:49","date_gmt":"2025-07-21T23:02:49","guid":{"rendered":"https:\/\/ammaespacioholistico.com\/?post_type=product&#038;p=431"},"modified":"2026-01-02T17:58:07","modified_gmt":"2026-01-02T17:58:07","slug":"oraculo-floral","status":"publish","type":"product","link":"https:\/\/ammaespacioholistico.com\/index.php\/producto\/oraculo-floral\/","title":{"rendered":"Terapia de Or\u00e1culo Floral"},"content":{"rendered":"<p>Mensaje del alma guiado por la energ\u00eda de las Flores<\/p>\n<p>El Or\u00e1culo Floral es una experiencia terap\u00e9utica que combina la sensibilidad de los or\u00e1culos con la vibraci\u00f3n sutil de las Flores de Bach. A trav\u00e9s de una lectura intuitiva y amorosa, conectamos con los mensajes de tu alma, revelando emociones, bloqueos o aspectos a sanar, y acompa\u00f1amos ese proceso con una formula personalizada de esencias florales.<\/p>\n<p>Este espacio es ideal si estas atravesando un momento de cambio, b\u00fasqueda interior o necesidad de claridad emocional. Las flores act\u00faan como aliadas amorosas para equilibrar tus estados internos y sostener tu camio con mayor armon\u00eda y consciencia.<\/p>\n<p>Incluye: Lectura personalizada del or\u00e1culo &#8211; Formula floral a medida en gotero de 30ml para tratamiento por 21 d\u00edas.<\/p>\n<p>La lectura personalizada se env\u00eda por audio a trav\u00e9s de WhatsApp y el gotero podes retirarlo personalmente por Caviahue o Chos Malal o podemos enviarlo a trav\u00e9s de correo argentino a cualquier punto del Pa\u00eds.<\/p>\n","protected":false},"excerpt":{"rendered":"<p><span style=\"font-weight: 400;\">Podes adquirir la sesi\u00f3n con el gotero de flores o sin \u00e9l y luego comprarla en cualquier farmacia homeop\u00e1tica.\u00a0<\/span><\/p>\n<p>&nbsp;<\/p>\n<p>&nbsp;<\/p>\n","protected":false},"featured_media":509,"comment_status":"open","ping_status":"closed","template":"","meta":{"site-sidebar-layout":"default","site-content-layout":"","ast-site-content-layout":"default","site-content-style":"default","site-sidebar-style":"default","ast-global-header-display":"","ast-banner-title-visibility":"","ast-main-header-display":"","ast-hfb-above-header-display":"","ast-hfb-below-header-display":"","ast-hfb-mobile-header-display":"","site-post-title":"","ast-breadcrumbs-content":"","ast-featured-img":"","footer-sml-layout":"","ast-disable-related-posts":"","theme-transparent-header-meta":"default","adv-header-id-meta":"","stick-header-meta":"","header-above-stick-meta":"","header-main-stick-meta":"","header-below-stick-meta":"","astra-migrate-meta-layouts":"set","ast-page-background-enabled":"default","ast-page-background-meta":{"desktop":{"background-color":"var(--ast-global-color-4)","background-image":"","background-repeat":"repeat","background-position":"center center","background-size":"auto","background-attachment":"scroll","background-type":"","background-media":"","overlay-type":"","overlay-color":"","overlay-opacity":"","overlay-gradient":""},"tablet":{"background-color":"","background-image":"","background-repeat":"repeat","background-position":"center center","background-size":"auto","background-attachment":"scroll","background-type":"","background-media":"","overlay-type":"","overlay-color":"","overlay-opacity":"","overlay-gradient":""},"mobile":{"background-color":"","background-image":"","background-repeat":"repeat","background-position":"center center","background-size":"auto","background-attachment":"scroll","background-type":"","background-media":"","overlay-type":"","overlay-color":"","overlay-opacity":"","overlay-gradient":""}},"ast-content-background-meta":{"desktop":{"background-color":"var(--ast-global-color-5)","background-image":"","background-repeat":"repeat","background-position":"center center","background-size":"auto","background-attachment":"scroll","background-type":"","background-media":"","overlay-type":"","overlay-color":"","overlay-opacity":"","overlay-gradient":""},"tablet":{"background-color":"var(--ast-global-color-5)","background-image":"","background-repeat":"repeat","background-position":"center center","background-size":"auto","background-attachment":"scroll","background-type":"","background-media":"","overlay-type":"","overlay-color":"","overlay-opacity":"","overlay-gradient":""},"mobile":{"background-color":"var(--ast-global-color-5)","background-image":"","background-repeat":"repeat","background-position":"center center","background-size":"auto","background-attachment":"scroll","background-type":"","background-media":"","overlay-type":"","overlay-color":"","overlay-opacity":"","overlay-gradient":""}}},"product_brand":[],"product_cat":[22],"product_tag":[],"class_list":{"0":"post-431","1":"product","2":"type-product","3":"status-publish","4":"has-post-thumbnail","6":"product_cat-sesiones-online","7":"desktop-align-left","8":"tablet-align-left","9":"mobile-align-left","11":"first","12":"instock","13":"shipping-taxable","14":"purchasable","15":"product-type-simple"},"_links":{"self":[{"href":"https:\/\/ammaespacioholistico.com\/index.php\/wp-json\/wp\/v2\/product\/431","targetHints":{"allow":["GET"]}}],"collection":[{"href":"https:\/\/ammaespacioholistico.com\/index.php\/wp-json\/wp\/v2\/product"}],"about":[{"href":"https:\/\/ammaespacioholistico.com\/index.php\/wp-json\/wp\/v2\/types\/product"}],"replies":[{"embeddable":true,"href":"https:\/\/ammaespacioholistico.com\/index.php\/wp-json\/wp\/v2\/comments?post=431"}],"wp:featuredmedia":[{"embeddable":true,"href":"https:\/\/ammaespacioholistico.com\/index.php\/wp-json\/wp\/v2\/media\/509"}],"wp:attachment":[{"href":"https:\/\/ammaespacioholistico.com\/index.php\/wp-json\/wp\/v2\/media?parent=431"}],"wp:term":[{"taxonomy":"product_brand","embeddable":true,"href":"https:\/\/ammaespacioholistico.com\/index.php\/wp-json\/wp\/v2\/product_brand?post=431"},{"taxonomy":"product_cat","embeddable":true,"href":"https:\/\/ammaespacioholistico.com\/index.php\/wp-json\/wp\/v2\/product_cat?post=431"},{"taxonomy":"product_tag","embeddable":true,"href":"https:\/\/ammaespacioholistico.com\/index.php\/wp-json\/wp\/v2\/product_tag?post=431"}],"curies":[{"name":"wp","href":"https:\/\/api.w.org\/{rel}","templated":true}]}}