{"id":432,"date":"2025-07-21T23:02:49","date_gmt":"2025-07-21T23:02:49","guid":{"rendered":"https:\/\/ammaespacioholistico.com\/?post_type=product&#038;p=432"},"modified":"2026-05-07T16:37:54","modified_gmt":"2026-05-07T16:37:54","slug":"pendulo-hebreo","status":"publish","type":"product","link":"https:\/\/ammaespacioholistico.com\/index.php\/producto\/pendulo-hebreo\/","title":{"rendered":"Tratamientos con P\u00e9ndulo Hebreo"},"content":{"rendered":"<p><span style=\"font-weight: 400;\">El p\u00e9ndulo se usa para detectar y corregir desequilibrios energ\u00e9ticos en el cuerpo.<\/span><\/p>\n<p><span style=\"font-weight: 400;\">En esta ocasi\u00f3n, puedo ofrecerte tres tratamientos a realizar. Podes elegir uno de ellos, o realizar una secuencia de sesiones combinando m\u00e1s de uno, a elecci\u00f3n o consultando al p\u00e9ndulo que tratamiento realizar en cada sesi\u00f3n. En todos los casos, las sesiones se combinan con Reiki y armonizaci\u00f3n de chakras con orgonitos, a la vez que se trabaja sobre una plantilla de mesa cu\u00e1ntica.<\/span><\/p>\n<p><span style=\"font-weight: 400;\">Al finalizar la sesi\u00f3n se entrega devoluci\u00f3n en audios en caso de ser necesario.<\/span><\/p>\n<p><span style=\"font-weight: 400;\">Para la sesi\u00f3n sugiero que dispongas de un momento tranquilo de relajaci\u00f3n, podes acompa\u00f1arlo con musica, velas, sahumerios, mientras se recibe el tratamiento.\u00a0<\/span><\/p>\n<p><span style=\"font-weight: 400;\">Ideal, que posterior a la sesi\u00f3n no tengas deberes o tareas por hacer, sino mejor, regalarte un momento con vos si tu cuerpo as\u00ed lo requiere.\u00a0<\/span><\/p>\n<p><span style=\"font-weight: 400;\">TRATAMIENTOS:\u00a0<\/span><\/p>\n<ul>\n<li style=\"font-weight: 400;\" aria-level=\"1\"><b>Abriendo caminos<\/b><span style=\"font-weight: 400;\">: conectamos con el merecimiento para abrirnos a recibir las infinitas posibilidades que esperan por nosotrxs.<\/span><\/li>\n<li style=\"font-weight: 400;\" aria-level=\"1\"><b>Trascender miedos<\/b><span style=\"font-weight: 400;\">: liberar miedos para transitar el camino de nuestro plan de alma<\/span><\/li>\n<\/ul>\n<p>Estos tratamientos son ideales para combinarlos con otras terapias seg\u00fan tu necesidad.<\/p>\n","protected":false},"excerpt":{"rendered":"<p><span style=\"font-weight: 400;\">El p\u00e9ndulo hebreo es una t\u00e9cnica de sanaci\u00f3n energ\u00e9tica que utiliza un p\u00e9ndulo cil\u00edndrico de madera con inscripciones en hebreo. Se basa en la creencia de que las letras hebreas tienen un poder vibratorio especial y pueden ayudar a equilibrar y armonizar cuerpo y mente.<\/span><\/p>\n","protected":false},"featured_media":523,"comment_status":"open","ping_status":"closed","template":"","meta":{"site-sidebar-layout":"default","site-content-layout":"","ast-site-content-layout":"default","site-content-style":"default","site-sidebar-style":"default","ast-global-header-display":"","ast-banner-title-visibility":"","ast-main-header-display":"","ast-hfb-above-header-display":"","ast-hfb-below-header-display":"","ast-hfb-mobile-header-display":"","site-post-title":"","ast-breadcrumbs-content":"","ast-featured-img":"","footer-sml-layout":"","ast-disable-related-posts":"","theme-transparent-header-meta":"default","adv-header-id-meta":"","stick-header-meta":"","header-above-stick-meta":"","header-main-stick-meta":"","header-below-stick-meta":"","astra-migrate-meta-layouts":"set","ast-page-background-enabled":"default","ast-page-background-meta":{"desktop":{"background-color":"var(--ast-global-color-4)","background-image":"","background-repeat":"repeat","background-position":"center center","background-size":"auto","background-attachment":"scroll","background-type":"","background-media":"","overlay-type":"","overlay-color":"","overlay-opacity":"","overlay-gradient":""},"tablet":{"background-color":"","background-image":"","background-repeat":"repeat","background-position":"center center","background-size":"auto","background-attachment":"scroll","background-type":"","background-media":"","overlay-type":"","overlay-color":"","overlay-opacity":"","overlay-gradient":""},"mobile":{"background-color":"","background-image":"","background-repeat":"repeat","background-position":"center center","background-size":"auto","background-attachment":"scroll","background-type":"","background-media":"","overlay-type":"","overlay-color":"","overlay-opacity":"","overlay-gradient":""}},"ast-content-background-meta":{"desktop":{"background-color":"var(--ast-global-color-5)","background-image":"","background-repeat":"repeat","background-position":"center center","background-size":"auto","background-attachment":"scroll","background-type":"","background-media":"","overlay-type":"","overlay-color":"","overlay-opacity":"","overlay-gradient":""},"tablet":{"background-color":"var(--ast-global-color-5)","background-image":"","background-repeat":"repeat","background-position":"center center","background-size":"auto","background-attachment":"scroll","background-type":"","background-media":"","overlay-type":"","overlay-color":"","overlay-opacity":"","overlay-gradient":""},"mobile":{"background-color":"var(--ast-global-color-5)","background-image":"","background-repeat":"repeat","background-position":"center center","background-size":"auto","background-attachment":"scroll","background-type":"","background-media":"","overlay-type":"","overlay-color":"","overlay-opacity":"","overlay-gradient":""}}},"product_brand":[],"product_cat":[22],"product_tag":[],"class_list":{"0":"post-432","1":"product","2":"type-product","3":"status-publish","4":"has-post-thumbnail","6":"product_cat-sesiones-online","7":"desktop-align-left","8":"tablet-align-left","9":"mobile-align-left","11":"first","12":"instock","13":"shipping-taxable","14":"purchasable","15":"product-type-simple"},"_links":{"self":[{"href":"https:\/\/ammaespacioholistico.com\/index.php\/wp-json\/wp\/v2\/product\/432","targetHints":{"allow":["GET"]}}],"collection":[{"href":"https:\/\/ammaespacioholistico.com\/index.php\/wp-json\/wp\/v2\/product"}],"about":[{"href":"https:\/\/ammaespacioholistico.com\/index.php\/wp-json\/wp\/v2\/types\/product"}],"replies":[{"embeddable":true,"href":"https:\/\/ammaespacioholistico.com\/index.php\/wp-json\/wp\/v2\/comments?post=432"}],"wp:featuredmedia":[{"embeddable":true,"href":"https:\/\/ammaespacioholistico.com\/index.php\/wp-json\/wp\/v2\/media\/523"}],"wp:attachment":[{"href":"https:\/\/ammaespacioholistico.com\/index.php\/wp-json\/wp\/v2\/media?parent=432"}],"wp:term":[{"taxonomy":"product_brand","embeddable":true,"href":"https:\/\/ammaespacioholistico.com\/index.php\/wp-json\/wp\/v2\/product_brand?post=432"},{"taxonomy":"product_cat","embeddable":true,"href":"https:\/\/ammaespacioholistico.com\/index.php\/wp-json\/wp\/v2\/product_cat?post=432"},{"taxonomy":"product_tag","embeddable":true,"href":"https:\/\/ammaespacioholistico.com\/index.php\/wp-json\/wp\/v2\/product_tag?post=432"}],"curies":[{"name":"wp","href":"https:\/\/api.w.org\/{rel}","templated":true}]}}