{"id":433,"date":"2025-07-21T23:02:49","date_gmt":"2025-07-21T23:02:49","guid":{"rendered":"https:\/\/ammaespacioholistico.com\/?post_type=product&#038;p=433"},"modified":"2026-05-07T16:40:34","modified_gmt":"2026-05-07T16:40:34","slug":"sanacion-utero","status":"publish","type":"product","link":"https:\/\/ammaespacioholistico.com\/index.php\/producto\/sanacion-utero\/","title":{"rendered":"Sanaci\u00f3n de \u00datero con P\u00e9ndulo Hebreo"},"content":{"rendered":"<p>Un encuentro profundo para liberar memorias y reconectar con tu energ\u00eda creadora<\/p>\n<p>Este tratamiento est\u00e1 enfocado en la sanaci\u00f3n del \u00fatero como espacio sagrado, tanto a nivel f\u00edsico, emocional, mental como ancestral.<\/p>\n<p>A trav\u00e9s del uso del p\u00e9ndulo hebreo, una herramienta de radiestesia que act\u00faa limpiando y reprogramando la energ\u00eda, trabajamos sobre memorias que puedan estar afectando tu centro creativo y vital.<br \/>\nLa sesi\u00f3n se complementa con Reiki para armonizar los chakras 1 (ra\u00edz), 2 (sacro), 4 (coraz\u00f3n) y 5 (garganta), integrando lo que se moviliza desde un lugar amoroso y sostenido.<\/p>\n<p>Es un tratamiento especialmente indicado para quienes sienten bloqueos en su energ\u00eda femenina, heridas emocionales relacionadas con el linaje, ciclos menstruales irregulares, dificultades para gestar (proyectos o vida), o simplemente el deseo de reconectar con la sabidur\u00eda del \u00fatero.<br \/>\nPod\u00e9s vivir esta experiencia de manera presencial o a distancia, ya que la energ\u00eda se mueve m\u00e1s all\u00e1 del tiempo y el espacio.<\/p>\n<p>Incluye: Diagn\u00f3stico y tratamiento con p\u00e9ndulo hebreo \u2013 Armonizaci\u00f3n con Reiki, cristales y orgonitos \u2013 Mensaje del or\u00e1culo \u2013 Cierre y recomendaciones personalizadas<\/p>\n","protected":false},"excerpt":{"rendered":"<p>Un encuentro profundo para liberar memorias y reconectar con tu energ\u00eda creadora Este tratamiento est\u00e1 enfocado en la sanaci\u00f3n del [&hellip;]<\/p>\n","protected":false},"featured_media":520,"comment_status":"open","ping_status":"closed","template":"","meta":{"site-sidebar-layout":"default","site-content-layout":"","ast-site-content-layout":"default","site-content-style":"default","site-sidebar-style":"default","ast-global-header-display":"","ast-banner-title-visibility":"","ast-main-header-display":"","ast-hfb-above-header-display":"","ast-hfb-below-header-display":"","ast-hfb-mobile-header-display":"","site-post-title":"","ast-breadcrumbs-content":"","ast-featured-img":"","footer-sml-layout":"","ast-disable-related-posts":"","theme-transparent-header-meta":"default","adv-header-id-meta":"","stick-header-meta":"","header-above-stick-meta":"","header-main-stick-meta":"","header-below-stick-meta":"","astra-migrate-meta-layouts":"set","ast-page-background-enabled":"default","ast-page-background-meta":{"desktop":{"background-color":"var(--ast-global-color-4)","background-image":"","background-repeat":"repeat","background-position":"center center","background-size":"auto","background-attachment":"scroll","background-type":"","background-media":"","overlay-type":"","overlay-color":"","overlay-opacity":"","overlay-gradient":""},"tablet":{"background-color":"","background-image":"","background-repeat":"repeat","background-position":"center center","background-size":"auto","background-attachment":"scroll","background-type":"","background-media":"","overlay-type":"","overlay-color":"","overlay-opacity":"","overlay-gradient":""},"mobile":{"background-color":"","background-image":"","background-repeat":"repeat","background-position":"center center","background-size":"auto","background-attachment":"scroll","background-type":"","background-media":"","overlay-type":"","overlay-color":"","overlay-opacity":"","overlay-gradient":""}},"ast-content-background-meta":{"desktop":{"background-color":"var(--ast-global-color-5)","background-image":"","background-repeat":"repeat","background-position":"center center","background-size":"auto","background-attachment":"scroll","background-type":"","background-media":"","overlay-type":"","overlay-color":"","overlay-opacity":"","overlay-gradient":""},"tablet":{"background-color":"var(--ast-global-color-5)","background-image":"","background-repeat":"repeat","background-position":"center center","background-size":"auto","background-attachment":"scroll","background-type":"","background-media":"","overlay-type":"","overlay-color":"","overlay-opacity":"","overlay-gradient":""},"mobile":{"background-color":"var(--ast-global-color-5)","background-image":"","background-repeat":"repeat","background-position":"center center","background-size":"auto","background-attachment":"scroll","background-type":"","background-media":"","overlay-type":"","overlay-color":"","overlay-opacity":"","overlay-gradient":""}}},"product_brand":[],"product_cat":[22],"product_tag":[],"class_list":{"0":"post-433","1":"product","2":"type-product","3":"status-publish","4":"has-post-thumbnail","6":"product_cat-sesiones-online","7":"desktop-align-left","8":"tablet-align-left","9":"mobile-align-left","11":"first","12":"instock","13":"shipping-taxable","14":"purchasable","15":"product-type-simple"},"_links":{"self":[{"href":"https:\/\/ammaespacioholistico.com\/index.php\/wp-json\/wp\/v2\/product\/433","targetHints":{"allow":["GET"]}}],"collection":[{"href":"https:\/\/ammaespacioholistico.com\/index.php\/wp-json\/wp\/v2\/product"}],"about":[{"href":"https:\/\/ammaespacioholistico.com\/index.php\/wp-json\/wp\/v2\/types\/product"}],"replies":[{"embeddable":true,"href":"https:\/\/ammaespacioholistico.com\/index.php\/wp-json\/wp\/v2\/comments?post=433"}],"wp:featuredmedia":[{"embeddable":true,"href":"https:\/\/ammaespacioholistico.com\/index.php\/wp-json\/wp\/v2\/media\/520"}],"wp:attachment":[{"href":"https:\/\/ammaespacioholistico.com\/index.php\/wp-json\/wp\/v2\/media?parent=433"}],"wp:term":[{"taxonomy":"product_brand","embeddable":true,"href":"https:\/\/ammaespacioholistico.com\/index.php\/wp-json\/wp\/v2\/product_brand?post=433"},{"taxonomy":"product_cat","embeddable":true,"href":"https:\/\/ammaespacioholistico.com\/index.php\/wp-json\/wp\/v2\/product_cat?post=433"},{"taxonomy":"product_tag","embeddable":true,"href":"https:\/\/ammaespacioholistico.com\/index.php\/wp-json\/wp\/v2\/product_tag?post=433"}],"curies":[{"name":"wp","href":"https:\/\/api.w.org\/{rel}","templated":true}]}}