{"id":435,"date":"2025-07-21T23:02:50","date_gmt":"2025-07-21T23:02:50","guid":{"rendered":"https:\/\/ammaespacioholistico.com\/?post_type=product&#038;p=435"},"modified":"2026-05-07T16:39:55","modified_gmt":"2026-05-07T16:39:55","slug":"tu-arcano","status":"publish","type":"product","link":"https:\/\/ammaespacioholistico.com\/index.php\/producto\/tu-arcano\/","title":{"rendered":"Conecta con Tu Arcano"},"content":{"rendered":"<h6>Informe personal de Arcanos<\/h6>\n<p>Una gu\u00eda simb\u00f3lica para iluminar tu camino interior. \u00bfTe gustar\u00eda comprender las energ\u00edas que gu\u00edan tu vida y los procesos que estas atravesando? A traves de un enfoque espiritual y terapeutico, este informe une el lenguaje arquetipico del Tarot con la sabiduria de tu propia historia. Recibiras un documento PDF personalizado que incluye:<\/p>\n<ul>\n<li>Tu arcano de nacimiento: la energia que guia tu alma desde que llegaste a este mundo<\/li>\n<li>Tu arcano de a\u00f1o: la vibracion que te acompa\u00f1a en el presente ciclo<\/li>\n<li>Un analisis simbolico y\u00a0 terapeutico de ambos arcanos<\/li>\n<li>Recomendaciones de rituales, esencias florales, cristales y practicas para integrar las energias<\/li>\n<li>Afirmaaciones, reflexiones y sugerencias para tu camino espiritual<\/li>\n<\/ul>\n<p>Este informe es ideal si estas en un momento de busqueda, trasformacion o renovacion de proposito. \u00a0 Formato digital | Se entrega por e-mail o whatsapp. Podes sumarlo a una sesion o solicitarlo de forma independiente. <em>\u00abLos arquetipos no predicen, acompa\u00f1an. Son espejos del alma en el camino de regreso a ti\u00bb.<\/em> \u00a0 *Incluye mensaje oracular<\/p>\n","protected":false},"excerpt":{"rendered":"<p>Informe personal de Arcanos Una gu\u00eda simb\u00f3lica para iluminar tu camino interior. \u00bfTe gustar\u00eda comprender las energ\u00edas que gu\u00edan tu [&hellip;]<\/p>\n","protected":false},"featured_media":491,"comment_status":"open","ping_status":"closed","template":"","meta":{"site-sidebar-layout":"default","site-content-layout":"","ast-site-content-layout":"default","site-content-style":"default","site-sidebar-style":"default","ast-global-header-display":"","ast-banner-title-visibility":"","ast-main-header-display":"","ast-hfb-above-header-display":"","ast-hfb-below-header-display":"","ast-hfb-mobile-header-display":"","site-post-title":"","ast-breadcrumbs-content":"","ast-featured-img":"","footer-sml-layout":"","ast-disable-related-posts":"","theme-transparent-header-meta":"default","adv-header-id-meta":"","stick-header-meta":"","header-above-stick-meta":"","header-main-stick-meta":"","header-below-stick-meta":"","astra-migrate-meta-layouts":"set","ast-page-background-enabled":"default","ast-page-background-meta":{"desktop":{"background-color":"var(--ast-global-color-4)","background-image":"","background-repeat":"repeat","background-position":"center center","background-size":"auto","background-attachment":"scroll","background-type":"","background-media":"","overlay-type":"","overlay-color":"","overlay-opacity":"","overlay-gradient":""},"tablet":{"background-color":"","background-image":"","background-repeat":"repeat","background-position":"center center","background-size":"auto","background-attachment":"scroll","background-type":"","background-media":"","overlay-type":"","overlay-color":"","overlay-opacity":"","overlay-gradient":""},"mobile":{"background-color":"","background-image":"","background-repeat":"repeat","background-position":"center center","background-size":"auto","background-attachment":"scroll","background-type":"","background-media":"","overlay-type":"","overlay-color":"","overlay-opacity":"","overlay-gradient":""}},"ast-content-background-meta":{"desktop":{"background-color":"var(--ast-global-color-5)","background-image":"","background-repeat":"repeat","background-position":"center center","background-size":"auto","background-attachment":"scroll","background-type":"","background-media":"","overlay-type":"","overlay-color":"","overlay-opacity":"","overlay-gradient":""},"tablet":{"background-color":"var(--ast-global-color-5)","background-image":"","background-repeat":"repeat","background-position":"center center","background-size":"auto","background-attachment":"scroll","background-type":"","background-media":"","overlay-type":"","overlay-color":"","overlay-opacity":"","overlay-gradient":""},"mobile":{"background-color":"var(--ast-global-color-5)","background-image":"","background-repeat":"repeat","background-position":"center center","background-size":"auto","background-attachment":"scroll","background-type":"","background-media":"","overlay-type":"","overlay-color":"","overlay-opacity":"","overlay-gradient":""}}},"product_brand":[],"product_cat":[22],"product_tag":[],"class_list":{"0":"post-435","1":"product","2":"type-product","3":"status-publish","4":"has-post-thumbnail","6":"product_cat-sesiones-online","7":"desktop-align-left","8":"tablet-align-left","9":"mobile-align-left","11":"first","12":"instock","13":"virtual","14":"purchasable","15":"product-type-simple"},"_links":{"self":[{"href":"https:\/\/ammaespacioholistico.com\/index.php\/wp-json\/wp\/v2\/product\/435","targetHints":{"allow":["GET"]}}],"collection":[{"href":"https:\/\/ammaespacioholistico.com\/index.php\/wp-json\/wp\/v2\/product"}],"about":[{"href":"https:\/\/ammaespacioholistico.com\/index.php\/wp-json\/wp\/v2\/types\/product"}],"replies":[{"embeddable":true,"href":"https:\/\/ammaespacioholistico.com\/index.php\/wp-json\/wp\/v2\/comments?post=435"}],"wp:featuredmedia":[{"embeddable":true,"href":"https:\/\/ammaespacioholistico.com\/index.php\/wp-json\/wp\/v2\/media\/491"}],"wp:attachment":[{"href":"https:\/\/ammaespacioholistico.com\/index.php\/wp-json\/wp\/v2\/media?parent=435"}],"wp:term":[{"taxonomy":"product_brand","embeddable":true,"href":"https:\/\/ammaespacioholistico.com\/index.php\/wp-json\/wp\/v2\/product_brand?post=435"},{"taxonomy":"product_cat","embeddable":true,"href":"https:\/\/ammaespacioholistico.com\/index.php\/wp-json\/wp\/v2\/product_cat?post=435"},{"taxonomy":"product_tag","embeddable":true,"href":"https:\/\/ammaespacioholistico.com\/index.php\/wp-json\/wp\/v2\/product_tag?post=435"}],"curies":[{"name":"wp","href":"https:\/\/api.w.org\/{rel}","templated":true}]}}