{"id":524,"date":"2025-11-29T17:20:58","date_gmt":"2025-11-29T17:20:58","guid":{"rendered":"https:\/\/ammaespacioholistico.com\/?post_type=product&#038;p=524"},"modified":"2026-05-07T16:39:30","modified_gmt":"2026-05-07T16:39:30","slug":"mesa-ganesha","status":"publish","type":"product","link":"https:\/\/ammaespacioholistico.com\/index.php\/producto\/mesa-ganesha\/","title":{"rendered":"Mesa Radionica Ganesha"},"content":{"rendered":"<div>\u2728 Sesi\u00f3n de Prosperidad con Mesa Radi\u00f3nica Ganesha \u2728<\/div>\n<div>Una experiencia energ\u00e9tica para abrir caminos y atraer abundancia en tu vida.<\/div>\n<div><\/div>\n<div>Esta sesi\u00f3n terap\u00e9utica combina la potencia de la Mesa Radi\u00f3nica del Dios Ganesha, el uso del p\u00e9ndulo como herramienta de radiestesia y la armonizaci\u00f3n energ\u00e9tica del Reiki, con el objetivo de liberar bloqueos, limpiar creencias limitantes y activar tu flujo de prosperidad.<\/div>\n<div><\/div>\n<div>\ud83c\udf3f Durante la sesi\u00f3n trabajaremos sobre:<\/div>\n<div>\u2022Equilibrio financiero y apertura de caminos.<\/div>\n<div>\u2022Liberaci\u00f3n de energ\u00edas negativas que obstaculizan tu abundancia.<\/div>\n<div>\u2022Sanaci\u00f3n de memorias y patrones inconscientes relacionados con el dinero.<\/div>\n<div>\u2022Activaci\u00f3n de tu confianza, energ\u00eda emprendedora y fuerza interior.<\/div>\n<div>\u2022Alineaci\u00f3n para atraer prosperidad en todas las \u00e1reas de tu vida (amor, salud, oportunidades).<\/div>\n<div><\/div>\n<div>\ud83c\udf00 La sesi\u00f3n se realiza a distancia y al finalizar recibir\u00e1s una devoluci\u00f3n completa con los movimientos energ\u00e9ticos realizados, percepciones recibidas, mensaje de Oraculo de Ganesha y recomendaciones para acompa\u00f1ar tu proceso.<\/div>\n<div><\/div>\n<div>Reserva tu espacio y permit\u00ed que la energ\u00eda de Ganesha te gu\u00ede hacia una vida m\u00e1s pr\u00f3spera \ud83c\udf3a<\/div>\n","protected":false},"excerpt":{"rendered":"<p>\u2728 Sesi\u00f3n de Prosperidad con Mesa Radi\u00f3nica Ganesha \u2728 Una experiencia energ\u00e9tica para abrir caminos y atraer abundancia en tu [&hellip;]<\/p>\n","protected":false},"featured_media":525,"comment_status":"open","ping_status":"closed","template":"","meta":{"site-sidebar-layout":"default","site-content-layout":"","ast-site-content-layout":"default","site-content-style":"default","site-sidebar-style":"default","ast-global-header-display":"","ast-banner-title-visibility":"","ast-main-header-display":"","ast-hfb-above-header-display":"","ast-hfb-below-header-display":"","ast-hfb-mobile-header-display":"","site-post-title":"","ast-breadcrumbs-content":"","ast-featured-img":"","footer-sml-layout":"","ast-disable-related-posts":"","theme-transparent-header-meta":"default","adv-header-id-meta":"","stick-header-meta":"","header-above-stick-meta":"","header-main-stick-meta":"","header-below-stick-meta":"","astra-migrate-meta-layouts":"set","ast-page-background-enabled":"default","ast-page-background-meta":{"desktop":{"background-color":"var(--ast-global-color-4)","background-image":"","background-repeat":"repeat","background-position":"center center","background-size":"auto","background-attachment":"scroll","background-type":"","background-media":"","overlay-type":"","overlay-color":"","overlay-opacity":"","overlay-gradient":""},"tablet":{"background-color":"","background-image":"","background-repeat":"repeat","background-position":"center center","background-size":"auto","background-attachment":"scroll","background-type":"","background-media":"","overlay-type":"","overlay-color":"","overlay-opacity":"","overlay-gradient":""},"mobile":{"background-color":"","background-image":"","background-repeat":"repeat","background-position":"center center","background-size":"auto","background-attachment":"scroll","background-type":"","background-media":"","overlay-type":"","overlay-color":"","overlay-opacity":"","overlay-gradient":""}},"ast-content-background-meta":{"desktop":{"background-color":"var(--ast-global-color-5)","background-image":"","background-repeat":"repeat","background-position":"center center","background-size":"auto","background-attachment":"scroll","background-type":"","background-media":"","overlay-type":"","overlay-color":"","overlay-opacity":"","overlay-gradient":""},"tablet":{"background-color":"var(--ast-global-color-5)","background-image":"","background-repeat":"repeat","background-position":"center center","background-size":"auto","background-attachment":"scroll","background-type":"","background-media":"","overlay-type":"","overlay-color":"","overlay-opacity":"","overlay-gradient":""},"mobile":{"background-color":"var(--ast-global-color-5)","background-image":"","background-repeat":"repeat","background-position":"center center","background-size":"auto","background-attachment":"scroll","background-type":"","background-media":"","overlay-type":"","overlay-color":"","overlay-opacity":"","overlay-gradient":""}}},"product_brand":[],"product_cat":[22],"product_tag":[],"class_list":{"0":"post-524","1":"product","2":"type-product","3":"status-publish","4":"has-post-thumbnail","6":"product_cat-sesiones-online","7":"desktop-align-left","8":"tablet-align-left","9":"mobile-align-left","11":"first","12":"instock","13":"shipping-taxable","14":"purchasable","15":"product-type-simple"},"_links":{"self":[{"href":"https:\/\/ammaespacioholistico.com\/index.php\/wp-json\/wp\/v2\/product\/524","targetHints":{"allow":["GET"]}}],"collection":[{"href":"https:\/\/ammaespacioholistico.com\/index.php\/wp-json\/wp\/v2\/product"}],"about":[{"href":"https:\/\/ammaespacioholistico.com\/index.php\/wp-json\/wp\/v2\/types\/product"}],"replies":[{"embeddable":true,"href":"https:\/\/ammaespacioholistico.com\/index.php\/wp-json\/wp\/v2\/comments?post=524"}],"wp:featuredmedia":[{"embeddable":true,"href":"https:\/\/ammaespacioholistico.com\/index.php\/wp-json\/wp\/v2\/media\/525"}],"wp:attachment":[{"href":"https:\/\/ammaespacioholistico.com\/index.php\/wp-json\/wp\/v2\/media?parent=524"}],"wp:term":[{"taxonomy":"product_brand","embeddable":true,"href":"https:\/\/ammaespacioholistico.com\/index.php\/wp-json\/wp\/v2\/product_brand?post=524"},{"taxonomy":"product_cat","embeddable":true,"href":"https:\/\/ammaespacioholistico.com\/index.php\/wp-json\/wp\/v2\/product_cat?post=524"},{"taxonomy":"product_tag","embeddable":true,"href":"https:\/\/ammaespacioholistico.com\/index.php\/wp-json\/wp\/v2\/product_tag?post=524"}],"curies":[{"name":"wp","href":"https:\/\/api.w.org\/{rel}","templated":true}]}}