{"id":611,"date":"2025-01-31T00:38:36","date_gmt":"2025-01-31T00:38:36","guid":{"rendered":"https:\/\/ammaespacioholistico.com\/?post_type=product&#038;p=611"},"modified":"2026-05-07T17:42:51","modified_gmt":"2026-05-07T17:42:51","slug":"4-elementos","status":"publish","type":"product","link":"https:\/\/ammaespacioholistico.com\/index.php\/producto\/4-elementos\/","title":{"rendered":"Equilibrio de los 4 elementos"},"content":{"rendered":"<h2><strong>Sesi\u00f3n grupal masiva de Armonizaci\u00f3n\u00a0<\/strong><\/h2>\n<div>\u2728<span style=\"font-size: 16px; -webkit-text-size-adjust: 100%;\"><span style=\"font-size: 16px; -webkit-text-size-adjust: 100%;\">Limpieza y alineaci\u00f3n energ\u00e9tica con P\u00e9ndulo Hebreo y Reiki para recuperar tu soberan\u00eda y fluir con tus procesos.<\/span><\/span><\/div>\n<div>\n<p>\u00bfSent\u00eds que por m\u00e1s que te organiz\u00e1s, algo en tu energ\u00eda te frena? \u00bfEst\u00e1s transitando un proyecto nuevo y te cuesta mantener el equilibrio?<\/p>\n<p>Muchas veces, el cansancio o la frustraci\u00f3n no vienen de la falta de voluntad, sino de una desarmon\u00eda en nuestros elementos internos. Esta sesi\u00f3n masiva es un espacio de limpieza profunda y recalibraci\u00f3n dise\u00f1ado para que vuelvas a tu centro sin necesidad de pausar tu rutina.<\/p>\n<p><em>\u00bfQu\u00e9 trabajaremos en esta sesi\u00f3n?<\/em><\/p>\n<p>A trav\u00e9s de la sabidur\u00eda del P\u00e9ndulo Hebreo y la canalizaci\u00f3n de Reiki, realizaremos un protocolo de:<\/p>\n<p>\u2022 Limpieza: Detectamos y removemos densidades que impiden tu avance.<\/p>\n<p>\u2022 Alineaci\u00f3n de los 4 elementos: Equilibramos tu Tierra (estructura), tu Agua (emoci\u00f3n), tu Aire (mente) y tu Fuego (acci\u00f3n).<\/p>\n<p>\u2022 Protecci\u00f3n y Sellado: Fortalecemos tu campo energ\u00e9tico para que tu soberan\u00eda personal se mantenga firme ante los desaf\u00edos externos.<\/p>\n<p><em>\u00bfC\u00f3mo funciona la modalidad masiva?<\/em><\/p>\n<p>La energ\u00eda no conoce de distancias ni de pantallas.<\/p>\n<p>\u2022 <strong>Fecha y Hora<\/strong>: Lunes 11 de mayo, 20:00 hs (Arg).<\/p>\n<p>\u2022 Sin conexi\u00f3n obligatoria: No es necesario que est\u00e9s presente en un Zoom o haciendo algo en particular. La sesi\u00f3n se realiza sobre el campo cu\u00e1ntico de todos los inscriptos.<\/p>\n<p>\u2022 Reporte de sesi\u00f3n: Una vez finalizada la armonizaci\u00f3n, recibir\u00e1s un mensaje de cierre con las sensaciones y gu\u00edas generales de la sesi\u00f3n para que puedas integrar el trabajo realizado.<\/p>\n<p><em>Esta sesi\u00f3n es para vos si:<\/em><\/p>\n<p>\u2022 Est\u00e1s abriendo un nuevo proyecto y quer\u00e9s comenzarlo \u00ablimpia\u00bb.<\/p>\n<p>\u2022 Te sent\u00eds saturada mentalmente o con las emociones \u00aba flor de piel\u00bb.<\/p>\n<p>\u2022 Quer\u00e9s experimentar los beneficios del P\u00e9ndulo Hebreo y el Reiki en un formato accesible y potente.<\/p>\n<p><em>Instrucciones para anotarte:<\/em><\/p>\n<p>1. Realiz\u00e1 la compra de tu lugar.<\/p>\n<p>2. Una vez confirmado, te llegar\u00e1 un correo\/mensaje con los datos necesarios (Nombre completo y fecha de nacimiento).<\/p>\n<p>3. \u00a1Listo! El lunes 11 a las 20 hs solo ten\u00e9s que permitirte recibir.<\/p>\n<\/div>\n","protected":false},"excerpt":{"rendered":"<p>Sesi\u00f3n grupal masiva de Armonizaci\u00f3n\u00a0 \u2728Limpieza y alineaci\u00f3n energ\u00e9tica con P\u00e9ndulo Hebreo y Reiki para recuperar tu soberan\u00eda y fluir [&hellip;]<\/p>\n","protected":false},"featured_media":643,"comment_status":"open","ping_status":"closed","template":"","meta":{"site-sidebar-layout":"default","site-content-layout":"","ast-site-content-layout":"default","site-content-style":"default","site-sidebar-style":"default","ast-global-header-display":"","ast-banner-title-visibility":"","ast-main-header-display":"","ast-hfb-above-header-display":"","ast-hfb-below-header-display":"","ast-hfb-mobile-header-display":"","site-post-title":"","ast-breadcrumbs-content":"","ast-featured-img":"","footer-sml-layout":"","ast-disable-related-posts":"","theme-transparent-header-meta":"default","adv-header-id-meta":"","stick-header-meta":"","header-above-stick-meta":"","header-main-stick-meta":"","header-below-stick-meta":"","astra-migrate-meta-layouts":"set","ast-page-background-enabled":"default","ast-page-background-meta":{"desktop":{"background-color":"var(--ast-global-color-4)","background-image":"","background-repeat":"repeat","background-position":"center center","background-size":"auto","background-attachment":"scroll","background-type":"","background-media":"","overlay-type":"","overlay-color":"","overlay-opacity":"","overlay-gradient":""},"tablet":{"background-color":"","background-image":"","background-repeat":"repeat","background-position":"center center","background-size":"auto","background-attachment":"scroll","background-type":"","background-media":"","overlay-type":"","overlay-color":"","overlay-opacity":"","overlay-gradient":""},"mobile":{"background-color":"","background-image":"","background-repeat":"repeat","background-position":"center center","background-size":"auto","background-attachment":"scroll","background-type":"","background-media":"","overlay-type":"","overlay-color":"","overlay-opacity":"","overlay-gradient":""}},"ast-content-background-meta":{"desktop":{"background-color":"var(--ast-global-color-5)","background-image":"","background-repeat":"repeat","background-position":"center center","background-size":"auto","background-attachment":"scroll","background-type":"","background-media":"","overlay-type":"","overlay-color":"","overlay-opacity":"","overlay-gradient":""},"tablet":{"background-color":"var(--ast-global-color-5)","background-image":"","background-repeat":"repeat","background-position":"center center","background-size":"auto","background-attachment":"scroll","background-type":"","background-media":"","overlay-type":"","overlay-color":"","overlay-opacity":"","overlay-gradient":""},"mobile":{"background-color":"var(--ast-global-color-5)","background-image":"","background-repeat":"repeat","background-position":"center center","background-size":"auto","background-attachment":"scroll","background-type":"","background-media":"","overlay-type":"","overlay-color":"","overlay-opacity":"","overlay-gradient":""}}},"product_brand":[],"product_cat":[22],"product_tag":[],"class_list":{"0":"post-611","1":"product","2":"type-product","3":"status-publish","4":"has-post-thumbnail","6":"product_cat-sesiones-online","7":"desktop-align-left","8":"tablet-align-left","9":"mobile-align-left","11":"first","12":"instock","13":"virtual","14":"purchasable","15":"product-type-simple"},"_links":{"self":[{"href":"https:\/\/ammaespacioholistico.com\/index.php\/wp-json\/wp\/v2\/product\/611","targetHints":{"allow":["GET"]}}],"collection":[{"href":"https:\/\/ammaespacioholistico.com\/index.php\/wp-json\/wp\/v2\/product"}],"about":[{"href":"https:\/\/ammaespacioholistico.com\/index.php\/wp-json\/wp\/v2\/types\/product"}],"replies":[{"embeddable":true,"href":"https:\/\/ammaespacioholistico.com\/index.php\/wp-json\/wp\/v2\/comments?post=611"}],"wp:featuredmedia":[{"embeddable":true,"href":"https:\/\/ammaespacioholistico.com\/index.php\/wp-json\/wp\/v2\/media\/643"}],"wp:attachment":[{"href":"https:\/\/ammaespacioholistico.com\/index.php\/wp-json\/wp\/v2\/media?parent=611"}],"wp:term":[{"taxonomy":"product_brand","embeddable":true,"href":"https:\/\/ammaespacioholistico.com\/index.php\/wp-json\/wp\/v2\/product_brand?post=611"},{"taxonomy":"product_cat","embeddable":true,"href":"https:\/\/ammaespacioholistico.com\/index.php\/wp-json\/wp\/v2\/product_cat?post=611"},{"taxonomy":"product_tag","embeddable":true,"href":"https:\/\/ammaespacioholistico.com\/index.php\/wp-json\/wp\/v2\/product_tag?post=611"}],"curies":[{"name":"wp","href":"https:\/\/api.w.org\/{rel}","templated":true}]}}